{"id":168,"date":"2008-11-28T15:47:29","date_gmt":"2008-11-28T14:47:29","guid":{"rendered":"http:\/\/kremsl.com\/?page_id=168"},"modified":"2012-10-04T23:57:21","modified_gmt":"2012-10-04T21:57:21","slug":"galerie-anreise-vietnam","status":"publish","type":"page","link":"https:\/\/www.kremsl.com\/?page_id=168","title":{"rendered":"Galerie: Anreise Vietnam 2008"},"content":{"rendered":"<pre class=\"text text\" style=\"font-family: monospace;\">P\u00fcnktlicher Abflug in M\u00fcnchen um 22:00 Uhr.\r\nDanach zwei ewig lange Fl\u00fcge (14 Stunden an den Sessel gefesselt!)\r\n\r\n\n\n<div class=\"ngg-galleryoverview ngg-slideshow\"\n\t id=\"ngg-slideshow-da2d6176726eb5e1de5dddf9c7352a39-13220323700\"\n     data-gallery-id=\"da2d6176726eb5e1de5dddf9c7352a39\"\n     style=\"max-width: 1024px; max-height: 768px;\">\n\n \t<div id=\"ngg-image-0\" class=\"ngg-gallery-slideshow-image\" style=\"height:768px\">\n\n        <a href=\"https:\/\/www.kremsl.com\/wp-content\/gallery\/anreise\/PB280002.JPG\"\n           title=\"M\u00fcnchen: Zuviel Gep\u00e4ck :-\/\"\n           data-src=\"https:\/\/www.kremsl.com\/wp-content\/gallery\/anreise\/PB280002.JPG\"\n           data-thumbnail=\"https:\/\/www.kremsl.com\/wp-content\/gallery\/anreise\/thumbs\/thumbs_PB280002.JPG\"\n           data-image-id=\"18\"\n           data-title=\"Flughafen M\u00fcnchen\"\n           data-description=\"M\u00fcnchen: Zuviel Gep\u00e4ck :-\/\"\n           class=\"shutterset_da2d6176726eb5e1de5dddf9c7352a39\">\n\n            <img data-image-id='18'\n                 title=\"M\u00fcnchen: Zuviel Gep\u00e4ck :-\/\"\n                 alt=\"Flughafen M\u00fcnchen\"\n                 src=\"https:\/\/www.kremsl.com\/wp-content\/gallery\/anreise\/PB280002.JPG\"\n                 style=\"max-height: 748px;\"\/>\n        <\/a>\n\n        <\/div> \n<div id=\"ngg-image-1\" class=\"ngg-gallery-slideshow-image\" style=\"height:768px\">\n\n        <a href=\"https:\/\/www.kremsl.com\/wp-content\/gallery\/anreise\/PB280003.JPG\"\n           title=\"Checkin\"\n           data-src=\"https:\/\/www.kremsl.com\/wp-content\/gallery\/anreise\/PB280003.JPG\"\n           data-thumbnail=\"https:\/\/www.kremsl.com\/wp-content\/gallery\/anreise\/thumbs\/thumbs_PB280003.JPG\"\n           data-image-id=\"19\"\n           data-title=\"Flughafen M\u00fcnchen\"\n           data-description=\"Checkin\"\n           class=\"shutterset_da2d6176726eb5e1de5dddf9c7352a39\">\n\n            <img data-image-id='19'\n                 title=\"Checkin\"\n                 alt=\"Flughafen M\u00fcnchen\"\n                 src=\"https:\/\/www.kremsl.com\/wp-content\/gallery\/anreise\/PB280003.JPG\"\n                 style=\"max-height: 748px;\"\/>\n        <\/a>\n\n        <\/div> \n<div id=\"ngg-image-2\" class=\"ngg-gallery-slideshow-image\" style=\"height:768px\">\n\n        <a href=\"https:\/\/www.kremsl.com\/wp-content\/gallery\/anreise\/PB280005.JPG\"\n           title=\":-( Leider kein upgrade\"\n           data-src=\"https:\/\/www.kremsl.com\/wp-content\/gallery\/anreise\/PB280005.JPG\"\n           data-thumbnail=\"https:\/\/www.kremsl.com\/wp-content\/gallery\/anreise\/thumbs\/thumbs_PB280005.JPG\"\n           data-image-id=\"20\"\n           data-title=\"Flughafen M\u00fcnchen\"\n           data-description=\":-( Leider kein upgrade\"\n           class=\"shutterset_da2d6176726eb5e1de5dddf9c7352a39\">\n\n            <img data-image-id='20'\n                 title=\":-( Leider kein upgrade\"\n                 alt=\"Flughafen M\u00fcnchen\"\n                 src=\"https:\/\/www.kremsl.com\/wp-content\/gallery\/anreise\/PB280005.JPG\"\n                 style=\"max-height: 748px;\"\/>\n        <\/a>\n\n        <\/div> \n<div id=\"ngg-image-3\" class=\"ngg-gallery-slideshow-image\" style=\"height:768px\">\n\n        <a href=\"https:\/\/www.kremsl.com\/wp-content\/gallery\/anreise\/PB280009.JPG\"\n           title=\"Unsere beiden Taxi-Damen\"\n           data-src=\"https:\/\/www.kremsl.com\/wp-content\/gallery\/anreise\/PB280009.JPG\"\n           data-thumbnail=\"https:\/\/www.kremsl.com\/wp-content\/gallery\/anreise\/thumbs\/thumbs_PB280009.JPG\"\n           data-image-id=\"21\"\n           data-title=\"Flughafen M\u00fcnchen\"\n           data-description=\"Unsere beiden Taxi-Damen\"\n           class=\"shutterset_da2d6176726eb5e1de5dddf9c7352a39\">\n\n            <img data-image-id='21'\n                 title=\"Unsere beiden Taxi-Damen\"\n                 alt=\"Flughafen M\u00fcnchen\"\n                 src=\"https:\/\/www.kremsl.com\/wp-content\/gallery\/anreise\/PB280009.JPG\"\n                 style=\"max-height: 748px;\"\/>\n        <\/a>\n\n        <\/div> \n<div id=\"ngg-image-4\" class=\"ngg-gallery-slideshow-image\" style=\"height:768px\">\n\n        <a href=\"https:\/\/www.kremsl.com\/wp-content\/gallery\/anreise\/PB280011.JPG\"\n           title=\"Wann fliegen wir?\"\n           data-src=\"https:\/\/www.kremsl.com\/wp-content\/gallery\/anreise\/PB280011.JPG\"\n           data-thumbnail=\"https:\/\/www.kremsl.com\/wp-content\/gallery\/anreise\/thumbs\/thumbs_PB280011.JPG\"\n           data-image-id=\"22\"\n           data-title=\"Flughafen M\u00fcnchen\"\n           data-description=\"Wann fliegen wir?\"\n           class=\"shutterset_da2d6176726eb5e1de5dddf9c7352a39\">\n\n            <img data-image-id='22'\n                 title=\"Wann fliegen wir?\"\n                 alt=\"Flughafen M\u00fcnchen\"\n                 src=\"https:\/\/www.kremsl.com\/wp-content\/gallery\/anreise\/PB280011.JPG\"\n                 style=\"max-height: 748px;\"\/>\n        <\/a>\n\n        <\/div> \n<div id=\"ngg-image-5\" class=\"ngg-gallery-slideshow-image\" style=\"height:768px\">\n\n        <a href=\"https:\/\/www.kremsl.com\/wp-content\/gallery\/anreise\/PB280012.JPG\"\n           title=\"Gott sei Dank, ein Entertainmentsystem!\"\n           data-src=\"https:\/\/www.kremsl.com\/wp-content\/gallery\/anreise\/PB280012.JPG\"\n           data-thumbnail=\"https:\/\/www.kremsl.com\/wp-content\/gallery\/anreise\/thumbs\/thumbs_PB280012.JPG\"\n           data-image-id=\"23\"\n           data-title=\"im Flugzeug\"\n           data-description=\"Gott sei Dank, ein Entertainmentsystem!\"\n           class=\"shutterset_da2d6176726eb5e1de5dddf9c7352a39\">\n\n            <img data-image-id='23'\n                 title=\"Gott sei Dank, ein Entertainmentsystem!\"\n                 alt=\"im Flugzeug\"\n                 src=\"https:\/\/www.kremsl.com\/wp-content\/gallery\/anreise\/PB280012.JPG\"\n                 style=\"max-height: 748px;\"\/>\n        <\/a>\n\n        <\/div> \n<div id=\"ngg-image-6\" class=\"ngg-gallery-slideshow-image\" style=\"height:768px\">\n\n        <a href=\"https:\/\/www.kremsl.com\/wp-content\/gallery\/anreise\/PB280014.JPG\"\n           title=\"heimlicher Blick in die Businessclass\"\n           data-src=\"https:\/\/www.kremsl.com\/wp-content\/gallery\/anreise\/PB280014.JPG\"\n           data-thumbnail=\"https:\/\/www.kremsl.com\/wp-content\/gallery\/anreise\/thumbs\/thumbs_PB280014.JPG\"\n           data-image-id=\"24\"\n           data-title=\"im Flugzeug\"\n           data-description=\"heimlicher Blick in die Businessclass\"\n           class=\"shutterset_da2d6176726eb5e1de5dddf9c7352a39\">\n\n            <img data-image-id='24'\n                 title=\"heimlicher Blick in die Businessclass\"\n                 alt=\"im Flugzeug\"\n                 src=\"https:\/\/www.kremsl.com\/wp-content\/gallery\/anreise\/PB280014.JPG\"\n                 style=\"max-height: 748px;\"\/>\n        <\/a>\n\n        <\/div> \n<div id=\"ngg-image-7\" class=\"ngg-gallery-slideshow-image\" style=\"height:768px\">\n\n        <a href=\"https:\/\/www.kremsl.com\/wp-content\/gallery\/anreise\/PB280016.JPG\"\n           title=\"Flughafen Doha\"\n           data-src=\"https:\/\/www.kremsl.com\/wp-content\/gallery\/anreise\/PB280016.JPG\"\n           data-thumbnail=\"https:\/\/www.kremsl.com\/wp-content\/gallery\/anreise\/thumbs\/thumbs_PB280016.JPG\"\n           data-image-id=\"25\"\n           data-title=\"Flughafen Doha\"\n           data-description=\"Flughafen Doha\"\n           class=\"shutterset_da2d6176726eb5e1de5dddf9c7352a39\">\n\n            <img data-image-id='25'\n                 title=\"Flughafen Doha\"\n                 alt=\"Flughafen Doha\"\n                 src=\"https:\/\/www.kremsl.com\/wp-content\/gallery\/anreise\/PB280016.JPG\"\n                 style=\"max-height: 748px;\"\/>\n        <\/a>\n\n        <\/div> \n<div id=\"ngg-image-8\" class=\"ngg-gallery-slideshow-image\" style=\"height:768px\">\n\n        <a href=\"https:\/\/www.kremsl.com\/wp-content\/gallery\/anreise\/PB280023.JPG\"\n           title=\"Blick auf eine neue Landebahn in Doha\"\n           data-src=\"https:\/\/www.kremsl.com\/wp-content\/gallery\/anreise\/PB280023.JPG\"\n           data-thumbnail=\"https:\/\/www.kremsl.com\/wp-content\/gallery\/anreise\/thumbs\/thumbs_PB280023.JPG\"\n           data-image-id=\"26\"\n           data-title=\"Flughafen Doha\"\n           data-description=\"Blick auf eine neue Landebahn in Doha\"\n           class=\"shutterset_da2d6176726eb5e1de5dddf9c7352a39\">\n\n            <img data-image-id='26'\n                 title=\"Blick auf eine neue Landebahn in Doha\"\n                 alt=\"Flughafen Doha\"\n                 src=\"https:\/\/www.kremsl.com\/wp-content\/gallery\/anreise\/PB280023.JPG\"\n                 style=\"max-height: 748px;\"\/>\n        <\/a>\n\n        <\/div> \n<div id=\"ngg-image-9\" class=\"ngg-gallery-slideshow-image\" style=\"height:768px\">\n\n        <a href=\"https:\/\/www.kremsl.com\/wp-content\/gallery\/anreise\/PB280028.JPG\"\n           title=\"Gleich nach dem Start sehen wir viele Schiffe\"\n           data-src=\"https:\/\/www.kremsl.com\/wp-content\/gallery\/anreise\/PB280028.JPG\"\n           data-thumbnail=\"https:\/\/www.kremsl.com\/wp-content\/gallery\/anreise\/thumbs\/thumbs_PB280028.JPG\"\n           data-image-id=\"27\"\n           data-title=\"im Flugzeug\"\n           data-description=\"Gleich nach dem Start sehen wir viele Schiffe\"\n           class=\"shutterset_da2d6176726eb5e1de5dddf9c7352a39\">\n\n            <img data-image-id='27'\n                 title=\"Gleich nach dem Start sehen wir viele Schiffe\"\n                 alt=\"im Flugzeug\"\n                 src=\"https:\/\/www.kremsl.com\/wp-content\/gallery\/anreise\/PB280028.JPG\"\n                 style=\"max-height: 748px;\"\/>\n        <\/a>\n\n        <\/div> \n<div id=\"ngg-image-10\" class=\"ngg-gallery-slideshow-image\" style=\"height:768px\">\n\n        <a href=\"https:\/\/www.kremsl.com\/wp-content\/gallery\/anreise\/PB280032.JPG\"\n           title=\"Es zieht sich...\"\n           data-src=\"https:\/\/www.kremsl.com\/wp-content\/gallery\/anreise\/PB280032.JPG\"\n           data-thumbnail=\"https:\/\/www.kremsl.com\/wp-content\/gallery\/anreise\/thumbs\/thumbs_PB280032.JPG\"\n           data-image-id=\"28\"\n           data-title=\"im Flugzeug\"\n           data-description=\"Es zieht sich...\"\n           class=\"shutterset_da2d6176726eb5e1de5dddf9c7352a39\">\n\n            <img data-image-id='28'\n                 title=\"Es zieht sich...\"\n                 alt=\"im Flugzeug\"\n                 src=\"https:\/\/www.kremsl.com\/wp-content\/gallery\/anreise\/PB280032.JPG\"\n                 style=\"max-height: 748px;\"\/>\n        <\/a>\n\n        <\/div> \n<div id=\"ngg-image-11\" class=\"ngg-gallery-slideshow-image\" style=\"height:768px\">\n\n        <a href=\"https:\/\/www.kremsl.com\/wp-content\/gallery\/anreise\/PB280036.JPG\"\n           title=\"\"\n           data-src=\"https:\/\/www.kremsl.com\/wp-content\/gallery\/anreise\/PB280036.JPG\"\n           data-thumbnail=\"https:\/\/www.kremsl.com\/wp-content\/gallery\/anreise\/thumbs\/thumbs_PB280036.JPG\"\n           data-image-id=\"29\"\n           data-title=\"im Flugzeug\"\n           data-description=\"\"\n           class=\"shutterset_da2d6176726eb5e1de5dddf9c7352a39\">\n\n            <img data-image-id='29'\n                 title=\"\"\n                 alt=\"im Flugzeug\"\n                 src=\"https:\/\/www.kremsl.com\/wp-content\/gallery\/anreise\/PB280036.JPG\"\n                 style=\"max-height: 748px;\"\/>\n        <\/a>\n\n        <\/div> \n<div id=\"ngg-image-12\" class=\"ngg-gallery-slideshow-image\" style=\"height:768px\">\n\n        <a href=\"https:\/\/www.kremsl.com\/wp-content\/gallery\/anreise\/PB280044.JPG\"\n           title=\"unser erster Sonnenuntergang in Vietnam\"\n           data-src=\"https:\/\/www.kremsl.com\/wp-content\/gallery\/anreise\/PB280044.JPG\"\n           data-thumbnail=\"https:\/\/www.kremsl.com\/wp-content\/gallery\/anreise\/thumbs\/thumbs_PB280044.JPG\"\n           data-image-id=\"30\"\n           data-title=\"im Flugzeug\"\n           data-description=\"unser erster Sonnenuntergang in Vietnam\"\n           class=\"shutterset_da2d6176726eb5e1de5dddf9c7352a39\">\n\n            <img data-image-id='30'\n                 title=\"unser erster Sonnenuntergang in Vietnam\"\n                 alt=\"im Flugzeug\"\n                 src=\"https:\/\/www.kremsl.com\/wp-content\/gallery\/anreise\/PB280044.JPG\"\n                 style=\"max-height: 748px;\"\/>\n        <\/a>\n\n        <\/div> \n<div id=\"ngg-image-13\" class=\"ngg-gallery-slideshow-image\" style=\"height:768px\">\n\n        <a href=\"https:\/\/www.kremsl.com\/wp-content\/gallery\/anreise\/PB280045.JPG\"\n           title=\"\"\n           data-src=\"https:\/\/www.kremsl.com\/wp-content\/gallery\/anreise\/PB280045.JPG\"\n           data-thumbnail=\"https:\/\/www.kremsl.com\/wp-content\/gallery\/anreise\/thumbs\/thumbs_PB280045.JPG\"\n           data-image-id=\"31\"\n           data-title=\"im Flugzeug\"\n           data-description=\"\"\n           class=\"shutterset_da2d6176726eb5e1de5dddf9c7352a39\">\n\n            <img data-image-id='31'\n                 title=\"\"\n                 alt=\"im Flugzeug\"\n                 src=\"https:\/\/www.kremsl.com\/wp-content\/gallery\/anreise\/PB280045.JPG\"\n                 style=\"max-height: 748px;\"\/>\n        <\/a>\n\n        <\/div> \n<\/div>\n\n\n\t\t<!-- Thumbnails Link -->\n\t<div class=\"slideshowlink\" style=\"max-width: 1024px;\">\n        <a href='https:\/\/www.kremsl.com\/index.php\/nggallery\/thumbnails?page_id=168'>[Zeige Bilder-Liste]<\/a>\n\t<\/div>\n\n<\/pre>\n","protected":false},"excerpt":{"rendered":"<p>P\u00fcnktlicher Abflug in M\u00fcnchen um 22:00 Uhr. Danach zwei ewig lange Fl\u00fcge (14 Stunden an den Sessel gefesselt!)<\/p>\n","protected":false},"author":1,"featured_media":0,"parent":0,"menu_order":22,"comment_status":"open","ping_status":"open","template":"","meta":{"ngg_post_thumbnail":0,"_links_to":"","_links_to_target":""},"_links":{"self":[{"href":"https:\/\/www.kremsl.com\/index.php?rest_route=\/wp\/v2\/pages\/168"}],"collection":[{"href":"https:\/\/www.kremsl.com\/index.php?rest_route=\/wp\/v2\/pages"}],"about":[{"href":"https:\/\/www.kremsl.com\/index.php?rest_route=\/wp\/v2\/types\/page"}],"author":[{"embeddable":true,"href":"https:\/\/www.kremsl.com\/index.php?rest_route=\/wp\/v2\/users\/1"}],"replies":[{"embeddable":true,"href":"https:\/\/www.kremsl.com\/index.php?rest_route=%2Fwp%2Fv2%2Fcomments&post=168"}],"version-history":[{"count":19,"href":"https:\/\/www.kremsl.com\/index.php?rest_route=\/wp\/v2\/pages\/168\/revisions"}],"predecessor-version":[{"id":1755,"href":"https:\/\/www.kremsl.com\/index.php?rest_route=\/wp\/v2\/pages\/168\/revisions\/1755"}],"wp:attachment":[{"href":"https:\/\/www.kremsl.com\/index.php?rest_route=%2Fwp%2Fv2%2Fmedia&parent=168"}],"curies":[{"name":"wp","href":"https:\/\/api.w.org\/{rel}","templated":true}]}}